{"id":187,"date":"2018-03-02T19:25:27","date_gmt":"2018-03-02T19:25:27","guid":{"rendered":"https:\/\/medispafresno.com\/es\/?page_id=187"},"modified":"2018-12-10T20:32:57","modified_gmt":"2018-12-10T20:32:57","slug":"eclipse-micropen-elite","status":"publish","type":"page","link":"https:\/\/www.medispafresno.com\/es\/eclipse-micropen-elite\/","title":{"rendered":"Eclipse MicroPen Elite\u2122"},"content":{"rendered":"<p>Durante este procedimiento, se usa el dispositivo Eclipse MicroPen\u2122 para crear microlesiones controladas en la piel a fin de estimular la producci\u00f3n de col\u00e1geno y elastina. En el proceso de reparaci\u00f3n de la piel se produce una epidermis m\u00e1s gruesa y se suaviza el aspecto de las arrugas.<\/p>\n<p>Eclipse MicroPen\u2122 es similar a pasar un papel de lija sobre la piel. Si bien algunas zonas son m\u00e1s sensibles que otras, la velocidad de la punta del cartucho de movimiento repetitivo hace que el tratamiento sea m\u00e1s c\u00f3modo.<\/p>\n<p>El procedimiento demora entre 15 y 30 minutos seg\u00fan el tama\u00f1o de la zona que se trata. Algunos pacientes solo necesitan una sesi\u00f3n una vez al a\u00f1o; sin embargo, durante la consulta, se puede determinar la cantidad de sesiones seg\u00fan sus objetivos.<\/p>\n<p>MicroPen puede usarse en todas las partes del cuerpo, como el rostro, el cuello, los brazos, las manos, las piernas, el abdomen y la espalda.<\/p>\n","protected":false},"excerpt":{"rendered":"<p>Durante este procedimiento, se usa el dispositivo Eclipse MicroPen\u2122 para crear microlesiones controladas en la piel a fin de estimular la producci\u00f3n de col\u00e1geno y elastina. En el proceso de reparaci\u00f3n de la piel se produce una epidermis m\u00e1s gruesa y se suaviza el aspecto de las arrugas. Eclipse MicroPen\u2122 es similar a pasar un [&hellip;]<\/p>\n","protected":false},"author":1,"featured_media":0,"parent":0,"menu_order":0,"comment_status":"closed","ping_status":"closed","template":"","meta":{"_acf_changed":false,"footnotes":""},"acf":[],"yoast_head":"<!-- This site is optimized with the Yoast SEO plugin v22.0 - https:\/\/yoast.com\/wordpress\/plugins\/seo\/ -->\n<title>Tratamientos con Eclipse-MicroPen-Elite en Fresno\/Aspire MediSpa<\/title>\n<meta name=\"description\" content=\"Eclipse MicroPen\u2122 se usa para crear microlesiones controladas en la piel a fin de estimular la producci\u00f3n de col\u00e1geno y elastina. Puede usarse en todas las partes del cuerpo, como el rostro, el cuello, los brazos, las manos, las piernas, el abdomen y la espalda.\" \/>\n<meta name=\"robots\" content=\"index, follow, max-snippet:-1, max-image-preview:large, max-video-preview:-1\" \/>\n<link rel=\"canonical\" href=\"https:\/\/www.medispafresno.com\/es\/eclipse-micropen-elite\/\" \/>\n<meta property=\"og:locale\" content=\"en_US\" \/>\n<meta property=\"og:type\" content=\"article\" \/>\n<meta property=\"og:title\" content=\"Tratamientos con Eclipse-MicroPen-Elite en Fresno\/Aspire MediSpa\" \/>\n<meta property=\"og:description\" content=\"Eclipse MicroPen\u2122 se usa para crear microlesiones controladas en la piel a fin de estimular la producci\u00f3n de col\u00e1geno y elastina. Puede usarse en todas las partes del cuerpo, como el rostro, el cuello, los brazos, las manos, las piernas, el abdomen y la espalda.\" \/>\n<meta property=\"og:url\" content=\"https:\/\/www.medispafresno.com\/es\/eclipse-micropen-elite\/\" \/>\n<meta property=\"og:site_name\" content=\"Aspire Medispa, Valley Institute Of Plastic Surgery\" \/>\n<meta property=\"article:modified_time\" content=\"2018-12-10T20:32:57+00:00\" \/>\n<meta name=\"twitter:card\" content=\"summary_large_image\" \/>\n<meta name=\"twitter:label1\" content=\"Est. reading time\" \/>\n\t<meta name=\"twitter:data1\" content=\"1 minute\" \/>\n<script type=\"application\/ld+json\" class=\"yoast-schema-graph\">{\"@context\":\"https:\/\/schema.org\",\"@graph\":[{\"@type\":\"WebPage\",\"@id\":\"https:\/\/www.medispafresno.com\/es\/eclipse-micropen-elite\/\",\"url\":\"https:\/\/www.medispafresno.com\/es\/eclipse-micropen-elite\/\",\"name\":\"Tratamientos con Eclipse-MicroPen-Elite en Fresno\/Aspire MediSpa\",\"isPartOf\":{\"@id\":\"https:\/\/www.medispafresno.com\/es\/#website\"},\"datePublished\":\"2018-03-02T19:25:27+00:00\",\"dateModified\":\"2018-12-10T20:32:57+00:00\",\"description\":\"Eclipse MicroPen\u2122 se usa para crear microlesiones controladas en la piel a fin de estimular la producci\u00f3n de col\u00e1geno y elastina. Puede usarse en todas las partes del cuerpo, como el rostro, el cuello, los brazos, las manos, las piernas, el abdomen y la espalda.\",\"breadcrumb\":{\"@id\":\"https:\/\/www.medispafresno.com\/es\/eclipse-micropen-elite\/#breadcrumb\"},\"inLanguage\":\"en-US\",\"potentialAction\":[{\"@type\":\"ReadAction\",\"target\":[\"https:\/\/www.medispafresno.com\/es\/eclipse-micropen-elite\/\"]}]},{\"@type\":\"BreadcrumbList\",\"@id\":\"https:\/\/www.medispafresno.com\/es\/eclipse-micropen-elite\/#breadcrumb\",\"itemListElement\":[{\"@type\":\"ListItem\",\"position\":1,\"name\":\"Home\",\"item\":\"https:\/\/www.medispafresno.com\/es\/\"},{\"@type\":\"ListItem\",\"position\":2,\"name\":\"Eclipse MicroPen Elite\u2122\"}]},{\"@type\":\"WebSite\",\"@id\":\"https:\/\/www.medispafresno.com\/es\/#website\",\"url\":\"https:\/\/www.medispafresno.com\/es\/\",\"name\":\"Aspire Medispa, Valley Institute Of Plastic Surgery\",\"description\":\"Aspire Medispa, Valley Institute Of Plastic Surgery\",\"potentialAction\":[{\"@type\":\"SearchAction\",\"target\":{\"@type\":\"EntryPoint\",\"urlTemplate\":\"https:\/\/www.medispafresno.com\/es\/?s={search_term_string}\"},\"query-input\":\"required name=search_term_string\"}],\"inLanguage\":\"en-US\"}]}<\/script>\n<!-- \/ Yoast SEO plugin. -->","yoast_head_json":{"title":"Tratamientos con Eclipse-MicroPen-Elite en Fresno\/Aspire MediSpa","description":"Eclipse MicroPen\u2122 se usa para crear microlesiones controladas en la piel a fin de estimular la producci\u00f3n de col\u00e1geno y elastina. Puede usarse en todas las partes del cuerpo, como el rostro, el cuello, los brazos, las manos, las piernas, el abdomen y la espalda.","robots":{"index":"index","follow":"follow","max-snippet":"max-snippet:-1","max-image-preview":"max-image-preview:large","max-video-preview":"max-video-preview:-1"},"canonical":"https:\/\/www.medispafresno.com\/es\/eclipse-micropen-elite\/","og_locale":"en_US","og_type":"article","og_title":"Tratamientos con Eclipse-MicroPen-Elite en Fresno\/Aspire MediSpa","og_description":"Eclipse MicroPen\u2122 se usa para crear microlesiones controladas en la piel a fin de estimular la producci\u00f3n de col\u00e1geno y elastina. Puede usarse en todas las partes del cuerpo, como el rostro, el cuello, los brazos, las manos, las piernas, el abdomen y la espalda.","og_url":"https:\/\/www.medispafresno.com\/es\/eclipse-micropen-elite\/","og_site_name":"Aspire Medispa, Valley Institute Of Plastic Surgery","article_modified_time":"2018-12-10T20:32:57+00:00","twitter_card":"summary_large_image","twitter_misc":{"Est. reading time":"1 minute"},"schema":{"@context":"https:\/\/schema.org","@graph":[{"@type":"WebPage","@id":"https:\/\/www.medispafresno.com\/es\/eclipse-micropen-elite\/","url":"https:\/\/www.medispafresno.com\/es\/eclipse-micropen-elite\/","name":"Tratamientos con Eclipse-MicroPen-Elite en Fresno\/Aspire MediSpa","isPartOf":{"@id":"https:\/\/www.medispafresno.com\/es\/#website"},"datePublished":"2018-03-02T19:25:27+00:00","dateModified":"2018-12-10T20:32:57+00:00","description":"Eclipse MicroPen\u2122 se usa para crear microlesiones controladas en la piel a fin de estimular la producci\u00f3n de col\u00e1geno y elastina. Puede usarse en todas las partes del cuerpo, como el rostro, el cuello, los brazos, las manos, las piernas, el abdomen y la espalda.","breadcrumb":{"@id":"https:\/\/www.medispafresno.com\/es\/eclipse-micropen-elite\/#breadcrumb"},"inLanguage":"en-US","potentialAction":[{"@type":"ReadAction","target":["https:\/\/www.medispafresno.com\/es\/eclipse-micropen-elite\/"]}]},{"@type":"BreadcrumbList","@id":"https:\/\/www.medispafresno.com\/es\/eclipse-micropen-elite\/#breadcrumb","itemListElement":[{"@type":"ListItem","position":1,"name":"Home","item":"https:\/\/www.medispafresno.com\/es\/"},{"@type":"ListItem","position":2,"name":"Eclipse MicroPen Elite\u2122"}]},{"@type":"WebSite","@id":"https:\/\/www.medispafresno.com\/es\/#website","url":"https:\/\/www.medispafresno.com\/es\/","name":"Aspire Medispa, Valley Institute Of Plastic Surgery","description":"Aspire Medispa, Valley Institute Of Plastic Surgery","potentialAction":[{"@type":"SearchAction","target":{"@type":"EntryPoint","urlTemplate":"https:\/\/www.medispafresno.com\/es\/?s={search_term_string}"},"query-input":"required name=search_term_string"}],"inLanguage":"en-US"}]}},"_links":{"self":[{"href":"https:\/\/www.medispafresno.com\/es\/wp-json\/wp\/v2\/pages\/187"}],"collection":[{"href":"https:\/\/www.medispafresno.com\/es\/wp-json\/wp\/v2\/pages"}],"about":[{"href":"https:\/\/www.medispafresno.com\/es\/wp-json\/wp\/v2\/types\/page"}],"author":[{"embeddable":true,"href":"https:\/\/www.medispafresno.com\/es\/wp-json\/wp\/v2\/users\/1"}],"replies":[{"embeddable":true,"href":"https:\/\/www.medispafresno.com\/es\/wp-json\/wp\/v2\/comments?post=187"}],"version-history":[{"count":5,"href":"https:\/\/www.medispafresno.com\/es\/wp-json\/wp\/v2\/pages\/187\/revisions"}],"predecessor-version":[{"id":1501,"href":"https:\/\/www.medispafresno.com\/es\/wp-json\/wp\/v2\/pages\/187\/revisions\/1501"}],"wp:attachment":[{"href":"https:\/\/www.medispafresno.com\/es\/wp-json\/wp\/v2\/media?parent=187"}],"curies":[{"name":"wp","href":"https:\/\/api.w.org\/{rel}","templated":true}]}}