{"id":222,"date":"2018-03-02T22:25:37","date_gmt":"2018-03-02T22:25:37","guid":{"rendered":"https:\/\/medispafresno.com\/es\/?page_id=222"},"modified":"2018-10-17T16:25:41","modified_gmt":"2018-10-17T16:25:41","slug":"hydrafacial-md","status":"publish","type":"page","link":"https:\/\/www.medispafresno.com\/es\/hydrafacial-md\/","title":{"rendered":"HydraFacial MD\u00ae"},"content":{"rendered":"<p>El procedimiento HydraFacial MD\u00ae es apto para la mayor\u00eda de los tipos de piel, como piel fina o envejecida, \u00e9tnica, seca o grasosa. Comience el programa de mantenimiento de la piel ahora con HydraFacial MD\u00ae y retrase el proceso de envejecimiento.<\/p>\n<h2>\u00bfCU\u00c1NTO DEMORA EL TRATAMIENTO? \u00bfNECESITAR\u00c9 HACER REPOSO O SENTIR\u00c9 DOLOR?<\/h2>\n<p>HydraFacial MD\u00ae es un tratamiento r\u00e1pido y efectivo que toma tan solo 15 minutos. El tratamiento suele describirse como \u201cun pincel fr\u00edo que se mueve sobre el rostro\u201d. Puede maquillarse y regresar a sus actividades normales inmediatamente despu\u00e9s del tratamiento, ya que no necesita hacer reposo.<\/p>\n<h2>\u00bfQU\u00c9 RESULTADOS SE PUEDEN ESPERAR? \u00bfCU\u00c1NTAS SESIONES SE NECESITAN PARA VER LOS RESULTADOS? \u00bfCU\u00c1NTO TIEMPO DURAN LOS RESULTADOS?<\/h2>\n<p>Despu\u00e9s de la primera sesi\u00f3n, muchas personas dicen ver la piel m\u00e1s delicada y pareja, con un tono radiante. Los resultados de suavidad e hidrataci\u00f3n pueden durar entre cinco y siete d\u00edas, o incluso m\u00e1s tiempo. Se recomienda una serie de seis sesiones para mejorar la apariencia de las l\u00edneas delgadas, las arrugas, la hiperpigmentaci\u00f3n, el acn\u00e9 y la piel grasosa. Despu\u00e9s de la primera serie de sesiones, le recomendamos que mantenga los resultados con una sesi\u00f3n de HydraFacial MD\u00ae cada cuatro a seis semanas.<\/p>\n<p><img loading=\"lazy\" decoding=\"async\" class=\"alignleft size-medium wp-image-391\" src=\"http:\/\/medispafresno.com\/es\/wp-content\/uploads\/2018\/03\/feature-as-seen-on-logos-300x108.png\" alt=\"As Seen On logos featuring NBC, ABC, CBS, FOX, allure and Espys Awards.\" width=\"300\" height=\"108\" srcset=\"https:\/\/www.medispafresno.com\/es\/wp-content\/uploads\/2018\/03\/feature-as-seen-on-logos-300x108.png 300w, https:\/\/www.medispafresno.com\/es\/wp-content\/uploads\/2018\/03\/feature-as-seen-on-logos.png 702w\" sizes=\"(max-width: 300px) 100vw, 300px\" \/><\/p>\n","protected":false},"excerpt":{"rendered":"<p>El procedimiento HydraFacial MD\u00ae es apto para la mayor\u00eda de los tipos de piel, como piel fina o envejecida, \u00e9tnica, seca o grasosa. Comience el programa de mantenimiento de la piel ahora con HydraFacial MD\u00ae y retrase el proceso de envejecimiento. \u00bfCU\u00c1NTO DEMORA EL TRATAMIENTO? \u00bfNECESITAR\u00c9 HACER REPOSO O SENTIR\u00c9 DOLOR? HydraFacial MD\u00ae es un [&hellip;]<\/p>\n","protected":false},"author":1,"featured_media":0,"parent":0,"menu_order":0,"comment_status":"closed","ping_status":"closed","template":"","meta":{"_acf_changed":false,"footnotes":""},"acf":[],"yoast_head":"<!-- This site is optimized with the Yoast SEO plugin v22.0 - https:\/\/yoast.com\/wordpress\/plugins\/seo\/ -->\n<title>Tratamiento con HydraFacial MD en Fresno, CA\/Aspire MediSpa<\/title>\n<meta name=\"description\" content=\"El procedimiento HydraFacial MD\u00ae es apto para la mayor\u00eda de los tipos de piel, como piel fina o envejecida, \u00e9tnica, seca o grasosa. Comun\u00edquese con Aspire MediSpa para comenzar el programa de mantenimiento de la piel ahora con HydraFacial MD\u00ae y retrasar el proceso de envejecimiento.\" \/>\n<meta name=\"robots\" content=\"index, follow, max-snippet:-1, max-image-preview:large, max-video-preview:-1\" \/>\n<link rel=\"canonical\" href=\"https:\/\/www.medispafresno.com\/es\/hydrafacial-md\/\" \/>\n<meta property=\"og:locale\" content=\"en_US\" \/>\n<meta property=\"og:type\" content=\"article\" \/>\n<meta property=\"og:title\" content=\"Tratamiento con HydraFacial MD en Fresno, CA\/Aspire MediSpa\" \/>\n<meta property=\"og:description\" content=\"El procedimiento HydraFacial MD\u00ae es apto para la mayor\u00eda de los tipos de piel, como piel fina o envejecida, \u00e9tnica, seca o grasosa. Comun\u00edquese con Aspire MediSpa para comenzar el programa de mantenimiento de la piel ahora con HydraFacial MD\u00ae y retrasar el proceso de envejecimiento.\" \/>\n<meta property=\"og:url\" content=\"https:\/\/www.medispafresno.com\/es\/hydrafacial-md\/\" \/>\n<meta property=\"og:site_name\" content=\"Aspire Medispa, Valley Institute Of Plastic Surgery\" \/>\n<meta property=\"article:modified_time\" content=\"2018-10-17T16:25:41+00:00\" \/>\n<meta property=\"og:image\" content=\"http:\/\/medispafresno.com\/es\/wp-content\/uploads\/2018\/03\/feature-as-seen-on-logos-300x108.png\" \/>\n<meta name=\"twitter:card\" content=\"summary_large_image\" \/>\n<meta name=\"twitter:label1\" content=\"Est. reading time\" \/>\n\t<meta name=\"twitter:data1\" content=\"1 minute\" \/>\n<script type=\"application\/ld+json\" class=\"yoast-schema-graph\">{\"@context\":\"https:\/\/schema.org\",\"@graph\":[{\"@type\":\"WebPage\",\"@id\":\"https:\/\/www.medispafresno.com\/es\/hydrafacial-md\/\",\"url\":\"https:\/\/www.medispafresno.com\/es\/hydrafacial-md\/\",\"name\":\"Tratamiento con HydraFacial MD en Fresno, CA\/Aspire MediSpa\",\"isPartOf\":{\"@id\":\"https:\/\/www.medispafresno.com\/es\/#website\"},\"datePublished\":\"2018-03-02T22:25:37+00:00\",\"dateModified\":\"2018-10-17T16:25:41+00:00\",\"description\":\"El procedimiento HydraFacial MD\u00ae es apto para la mayor\u00eda de los tipos de piel, como piel fina o envejecida, \u00e9tnica, seca o grasosa. Comun\u00edquese con Aspire MediSpa para comenzar el programa de mantenimiento de la piel ahora con HydraFacial MD\u00ae y retrasar el proceso de envejecimiento.\",\"breadcrumb\":{\"@id\":\"https:\/\/www.medispafresno.com\/es\/hydrafacial-md\/#breadcrumb\"},\"inLanguage\":\"en-US\",\"potentialAction\":[{\"@type\":\"ReadAction\",\"target\":[\"https:\/\/www.medispafresno.com\/es\/hydrafacial-md\/\"]}]},{\"@type\":\"BreadcrumbList\",\"@id\":\"https:\/\/www.medispafresno.com\/es\/hydrafacial-md\/#breadcrumb\",\"itemListElement\":[{\"@type\":\"ListItem\",\"position\":1,\"name\":\"Home\",\"item\":\"https:\/\/www.medispafresno.com\/es\/\"},{\"@type\":\"ListItem\",\"position\":2,\"name\":\"HydraFacial MD\u00ae\"}]},{\"@type\":\"WebSite\",\"@id\":\"https:\/\/www.medispafresno.com\/es\/#website\",\"url\":\"https:\/\/www.medispafresno.com\/es\/\",\"name\":\"Aspire Medispa, Valley Institute Of Plastic Surgery\",\"description\":\"Aspire Medispa, Valley Institute Of Plastic Surgery\",\"potentialAction\":[{\"@type\":\"SearchAction\",\"target\":{\"@type\":\"EntryPoint\",\"urlTemplate\":\"https:\/\/www.medispafresno.com\/es\/?s={search_term_string}\"},\"query-input\":\"required name=search_term_string\"}],\"inLanguage\":\"en-US\"}]}<\/script>\n<!-- \/ Yoast SEO plugin. -->","yoast_head_json":{"title":"Tratamiento con HydraFacial MD en Fresno, CA\/Aspire MediSpa","description":"El procedimiento HydraFacial MD\u00ae es apto para la mayor\u00eda de los tipos de piel, como piel fina o envejecida, \u00e9tnica, seca o grasosa. Comun\u00edquese con Aspire MediSpa para comenzar el programa de mantenimiento de la piel ahora con HydraFacial MD\u00ae y retrasar el proceso de envejecimiento.","robots":{"index":"index","follow":"follow","max-snippet":"max-snippet:-1","max-image-preview":"max-image-preview:large","max-video-preview":"max-video-preview:-1"},"canonical":"https:\/\/www.medispafresno.com\/es\/hydrafacial-md\/","og_locale":"en_US","og_type":"article","og_title":"Tratamiento con HydraFacial MD en Fresno, CA\/Aspire MediSpa","og_description":"El procedimiento HydraFacial MD\u00ae es apto para la mayor\u00eda de los tipos de piel, como piel fina o envejecida, \u00e9tnica, seca o grasosa. Comun\u00edquese con Aspire MediSpa para comenzar el programa de mantenimiento de la piel ahora con HydraFacial MD\u00ae y retrasar el proceso de envejecimiento.","og_url":"https:\/\/www.medispafresno.com\/es\/hydrafacial-md\/","og_site_name":"Aspire Medispa, Valley Institute Of Plastic Surgery","article_modified_time":"2018-10-17T16:25:41+00:00","og_image":[{"url":"http:\/\/medispafresno.com\/es\/wp-content\/uploads\/2018\/03\/feature-as-seen-on-logos-300x108.png"}],"twitter_card":"summary_large_image","twitter_misc":{"Est. reading time":"1 minute"},"schema":{"@context":"https:\/\/schema.org","@graph":[{"@type":"WebPage","@id":"https:\/\/www.medispafresno.com\/es\/hydrafacial-md\/","url":"https:\/\/www.medispafresno.com\/es\/hydrafacial-md\/","name":"Tratamiento con HydraFacial MD en Fresno, CA\/Aspire MediSpa","isPartOf":{"@id":"https:\/\/www.medispafresno.com\/es\/#website"},"datePublished":"2018-03-02T22:25:37+00:00","dateModified":"2018-10-17T16:25:41+00:00","description":"El procedimiento HydraFacial MD\u00ae es apto para la mayor\u00eda de los tipos de piel, como piel fina o envejecida, \u00e9tnica, seca o grasosa. Comun\u00edquese con Aspire MediSpa para comenzar el programa de mantenimiento de la piel ahora con HydraFacial MD\u00ae y retrasar el proceso de envejecimiento.","breadcrumb":{"@id":"https:\/\/www.medispafresno.com\/es\/hydrafacial-md\/#breadcrumb"},"inLanguage":"en-US","potentialAction":[{"@type":"ReadAction","target":["https:\/\/www.medispafresno.com\/es\/hydrafacial-md\/"]}]},{"@type":"BreadcrumbList","@id":"https:\/\/www.medispafresno.com\/es\/hydrafacial-md\/#breadcrumb","itemListElement":[{"@type":"ListItem","position":1,"name":"Home","item":"https:\/\/www.medispafresno.com\/es\/"},{"@type":"ListItem","position":2,"name":"HydraFacial MD\u00ae"}]},{"@type":"WebSite","@id":"https:\/\/www.medispafresno.com\/es\/#website","url":"https:\/\/www.medispafresno.com\/es\/","name":"Aspire Medispa, Valley Institute Of Plastic Surgery","description":"Aspire Medispa, Valley Institute Of Plastic Surgery","potentialAction":[{"@type":"SearchAction","target":{"@type":"EntryPoint","urlTemplate":"https:\/\/www.medispafresno.com\/es\/?s={search_term_string}"},"query-input":"required name=search_term_string"}],"inLanguage":"en-US"}]}},"_links":{"self":[{"href":"https:\/\/www.medispafresno.com\/es\/wp-json\/wp\/v2\/pages\/222"}],"collection":[{"href":"https:\/\/www.medispafresno.com\/es\/wp-json\/wp\/v2\/pages"}],"about":[{"href":"https:\/\/www.medispafresno.com\/es\/wp-json\/wp\/v2\/types\/page"}],"author":[{"embeddable":true,"href":"https:\/\/www.medispafresno.com\/es\/wp-json\/wp\/v2\/users\/1"}],"replies":[{"embeddable":true,"href":"https:\/\/www.medispafresno.com\/es\/wp-json\/wp\/v2\/comments?post=222"}],"version-history":[{"count":5,"href":"https:\/\/www.medispafresno.com\/es\/wp-json\/wp\/v2\/pages\/222\/revisions"}],"predecessor-version":[{"id":1481,"href":"https:\/\/www.medispafresno.com\/es\/wp-json\/wp\/v2\/pages\/222\/revisions\/1481"}],"wp:attachment":[{"href":"https:\/\/www.medispafresno.com\/es\/wp-json\/wp\/v2\/media?parent=222"}],"curies":[{"name":"wp","href":"https:\/\/api.w.org\/{rel}","templated":true}]}}