{"id":229,"date":"2018-03-02T22:49:38","date_gmt":"2018-03-02T22:49:38","guid":{"rendered":"https:\/\/medispafresno.com\/es\/?page_id=229"},"modified":"2018-12-10T20:33:51","modified_gmt":"2018-12-10T20:33:51","slug":"juvederm","status":"publish","type":"page","link":"https:\/\/www.medispafresno.com\/es\/juvederm\/","title":{"rendered":"JUV\u00c9DERM\u00ae"},"content":{"rendered":"<h2>\u00bfQU\u00c9 ZONAS SE PUEDEN TRATAR CON JUV\u00c9DERM\u00ae?<\/h2>\n<p>JUV\u00c9DERM\u00ae se inyecta en la dermis media a profunda para corregir arrugas y pliegues faciales moderados y muy marcados, como los pliegues nasolabiales (las arrugas que van desde la parte inferior de la nariz hasta las comisuras de los labios, tambi\u00e9n conocidas como \u201cl\u00edneas de la sonrisa\u201d o \u201cpar\u00e9ntesis\u201d).<\/p>\n<h2>\u00bfEN QU\u00c9 SE DIFERENCIA JUV\u00c9DERM\u00ae DE OTROS RELLENOS D\u00c9RMICOS?<\/h2>\n<p>JUV\u00c9DERM\u00ae es el \u00fanico relleno con \u00e1cido hialur\u00f3nico (AH) aprobado por la FDA que dura hasta un a\u00f1o. JUV\u00c9DERM\u00ae es un gel de consistencia suave que fluye con mucha facilidad dentro de la piel y que ofrece una apariencia y sensaci\u00f3n naturales. Todos los dem\u00e1s rellenos d\u00e9rmicos con \u00e1cido hialur\u00f3nico que se encuentran en el mercado actualmente est\u00e1n elaborados de geles con consistencia granular.<\/p>\n<h2>\u00bfEN QU\u00c9 SE DIFERENCIA JUV\u00c9DERM\u00ae DE BOTOX\u00ae COSMETIC?<\/h2>\n<p>BOTOX\u00ae Cosmetic no es un relleno. Su funci\u00f3n es relajar la actividad muscular y se utiliza para tratar l\u00edneas moderadas a profundas, causadas por los m\u00fasculos dominantes del ce\u00f1o (la zona glabelar). Esto permite disminuir temporalmente las dos l\u00edneas verticales entre las cejas, a menudo, conocidas como \u201cel 11\u201d, para lograr una apariencia m\u00e1s suave. El gel inyectable JUV\u00c9DERM\u00ae es un relleno d\u00e9rmico con \u00e1cido hialur\u00f3nico de \u00faltima generaci\u00f3n que brinda volumen y se usa para tratar arrugas y pliegues producidos por la p\u00e9rdida de volumen debajo de la superficie de la piel, como las l\u00edneas periorales y los pliegues nasolabiales (l\u00edneas alrededor de la boca y la nariz). JUV\u00c9DERM\u00ae devuelve el volumen a la piel para lograr una apariencia y sensaci\u00f3n tersas y naturales.<\/p>\n<h2>\u00bfCU\u00c1NDO COMENZAR\u00c9 A VER LOS RESULTADOS?<\/h2>\n<p>Muchos procedimientos pueden realizarse r\u00e1pido y requieren un tiempo m\u00ednimo de reposo. El relleno d\u00e9rmico JUV\u00c9DERM\u00ae necesita solo una consulta breve y demora unos 30 minutos, en promedio, para su realizaci\u00f3n. Observar\u00e1 una mejora visible de inmediato despu\u00e9s del tratamiento. Nuestra enfermera trabajar\u00e1 con usted en la sala para lograr los resultados m\u00e1s deseados. Los mejores resultados se ver\u00e1n despu\u00e9s de diez d\u00edas aproximadamente.<\/p>\n<h2>\u00bfCU\u00c1LES SON LOS POSIBLES EFECTOS SECUNDARIOS DEL GEL INYECTABLE JUV\u00c9DERM\u00ae?<\/h2>\n<p>La mayor\u00eda de los efectos secundarios son leves a moderados y su duraci\u00f3n es corta (siete d\u00edas o menos). Los efectos secundarios m\u00e1s frecuentes son enrojecimiento, dolor\/sensibilidad, dureza, inflamaci\u00f3n, bultos\/n\u00f3dulos, moretones, picaz\u00f3n y decoloraci\u00f3n alrededor del lugar de inyecci\u00f3n. Como con todos los procedimientos de inyecci\u00f3n en la piel, existe un riesgo de infecci\u00f3n.<\/p>\n","protected":false},"excerpt":{"rendered":"<p>\u00bfQU\u00c9 ZONAS SE PUEDEN TRATAR CON JUV\u00c9DERM\u00ae? JUV\u00c9DERM\u00ae se inyecta en la dermis media a profunda para corregir arrugas y pliegues faciales moderados y muy marcados, como los pliegues nasolabiales (las arrugas que van desde la parte inferior de la nariz hasta las comisuras de los labios, tambi\u00e9n conocidas como \u201cl\u00edneas de la sonrisa\u201d o [&hellip;]<\/p>\n","protected":false},"author":1,"featured_media":0,"parent":0,"menu_order":0,"comment_status":"closed","ping_status":"closed","template":"","meta":{"_acf_changed":false,"footnotes":""},"acf":[],"yoast_head":"<!-- This site is optimized with the Yoast SEO plugin v22.0 - https:\/\/yoast.com\/wordpress\/plugins\/seo\/ -->\n<title>Tratamiento con Juv\u00e9derm en Fresno, CA\/Aspire MediSpa<\/title>\n<meta name=\"description\" content=\"JUV\u00c9DERM\u00ae se inyecta en la dermis media a profunda para corregir arrugas y pliegues faciales moderados y muy marcados, como los pliegues nasolabiales. Ll\u00e1menos hoy mismo al (559) 435-8477.\" \/>\n<meta name=\"robots\" content=\"index, follow, max-snippet:-1, max-image-preview:large, max-video-preview:-1\" \/>\n<link rel=\"canonical\" href=\"https:\/\/www.medispafresno.com\/es\/juvederm\/\" \/>\n<meta property=\"og:locale\" content=\"en_US\" \/>\n<meta property=\"og:type\" content=\"article\" \/>\n<meta property=\"og:title\" content=\"Tratamiento con Juv\u00e9derm en Fresno, CA\/Aspire MediSpa\" \/>\n<meta property=\"og:description\" content=\"JUV\u00c9DERM\u00ae se inyecta en la dermis media a profunda para corregir arrugas y pliegues faciales moderados y muy marcados, como los pliegues nasolabiales. Ll\u00e1menos hoy mismo al (559) 435-8477.\" \/>\n<meta property=\"og:url\" content=\"https:\/\/www.medispafresno.com\/es\/juvederm\/\" \/>\n<meta property=\"og:site_name\" content=\"Aspire Medispa, Valley Institute Of Plastic Surgery\" \/>\n<meta property=\"article:modified_time\" content=\"2018-12-10T20:33:51+00:00\" \/>\n<meta name=\"twitter:card\" content=\"summary_large_image\" \/>\n<meta name=\"twitter:label1\" content=\"Est. reading time\" \/>\n\t<meta name=\"twitter:data1\" content=\"2 minutes\" \/>\n<script type=\"application\/ld+json\" class=\"yoast-schema-graph\">{\"@context\":\"https:\/\/schema.org\",\"@graph\":[{\"@type\":\"WebPage\",\"@id\":\"https:\/\/www.medispafresno.com\/es\/juvederm\/\",\"url\":\"https:\/\/www.medispafresno.com\/es\/juvederm\/\",\"name\":\"Tratamiento con Juv\u00e9derm en Fresno, CA\/Aspire MediSpa\",\"isPartOf\":{\"@id\":\"https:\/\/www.medispafresno.com\/es\/#website\"},\"datePublished\":\"2018-03-02T22:49:38+00:00\",\"dateModified\":\"2018-12-10T20:33:51+00:00\",\"description\":\"JUV\u00c9DERM\u00ae se inyecta en la dermis media a profunda para corregir arrugas y pliegues faciales moderados y muy marcados, como los pliegues nasolabiales. Ll\u00e1menos hoy mismo al (559) 435-8477.\",\"breadcrumb\":{\"@id\":\"https:\/\/www.medispafresno.com\/es\/juvederm\/#breadcrumb\"},\"inLanguage\":\"en-US\",\"potentialAction\":[{\"@type\":\"ReadAction\",\"target\":[\"https:\/\/www.medispafresno.com\/es\/juvederm\/\"]}]},{\"@type\":\"BreadcrumbList\",\"@id\":\"https:\/\/www.medispafresno.com\/es\/juvederm\/#breadcrumb\",\"itemListElement\":[{\"@type\":\"ListItem\",\"position\":1,\"name\":\"Home\",\"item\":\"https:\/\/www.medispafresno.com\/es\/\"},{\"@type\":\"ListItem\",\"position\":2,\"name\":\"JUV\u00c9DERM\u00ae\"}]},{\"@type\":\"WebSite\",\"@id\":\"https:\/\/www.medispafresno.com\/es\/#website\",\"url\":\"https:\/\/www.medispafresno.com\/es\/\",\"name\":\"Aspire Medispa, Valley Institute Of Plastic Surgery\",\"description\":\"Aspire Medispa, Valley Institute Of Plastic Surgery\",\"potentialAction\":[{\"@type\":\"SearchAction\",\"target\":{\"@type\":\"EntryPoint\",\"urlTemplate\":\"https:\/\/www.medispafresno.com\/es\/?s={search_term_string}\"},\"query-input\":\"required name=search_term_string\"}],\"inLanguage\":\"en-US\"}]}<\/script>\n<!-- \/ Yoast SEO plugin. -->","yoast_head_json":{"title":"Tratamiento con Juv\u00e9derm en Fresno, CA\/Aspire MediSpa","description":"JUV\u00c9DERM\u00ae se inyecta en la dermis media a profunda para corregir arrugas y pliegues faciales moderados y muy marcados, como los pliegues nasolabiales. Ll\u00e1menos hoy mismo al (559) 435-8477.","robots":{"index":"index","follow":"follow","max-snippet":"max-snippet:-1","max-image-preview":"max-image-preview:large","max-video-preview":"max-video-preview:-1"},"canonical":"https:\/\/www.medispafresno.com\/es\/juvederm\/","og_locale":"en_US","og_type":"article","og_title":"Tratamiento con Juv\u00e9derm en Fresno, CA\/Aspire MediSpa","og_description":"JUV\u00c9DERM\u00ae se inyecta en la dermis media a profunda para corregir arrugas y pliegues faciales moderados y muy marcados, como los pliegues nasolabiales. Ll\u00e1menos hoy mismo al (559) 435-8477.","og_url":"https:\/\/www.medispafresno.com\/es\/juvederm\/","og_site_name":"Aspire Medispa, Valley Institute Of Plastic Surgery","article_modified_time":"2018-12-10T20:33:51+00:00","twitter_card":"summary_large_image","twitter_misc":{"Est. reading time":"2 minutes"},"schema":{"@context":"https:\/\/schema.org","@graph":[{"@type":"WebPage","@id":"https:\/\/www.medispafresno.com\/es\/juvederm\/","url":"https:\/\/www.medispafresno.com\/es\/juvederm\/","name":"Tratamiento con Juv\u00e9derm en Fresno, CA\/Aspire MediSpa","isPartOf":{"@id":"https:\/\/www.medispafresno.com\/es\/#website"},"datePublished":"2018-03-02T22:49:38+00:00","dateModified":"2018-12-10T20:33:51+00:00","description":"JUV\u00c9DERM\u00ae se inyecta en la dermis media a profunda para corregir arrugas y pliegues faciales moderados y muy marcados, como los pliegues nasolabiales. Ll\u00e1menos hoy mismo al (559) 435-8477.","breadcrumb":{"@id":"https:\/\/www.medispafresno.com\/es\/juvederm\/#breadcrumb"},"inLanguage":"en-US","potentialAction":[{"@type":"ReadAction","target":["https:\/\/www.medispafresno.com\/es\/juvederm\/"]}]},{"@type":"BreadcrumbList","@id":"https:\/\/www.medispafresno.com\/es\/juvederm\/#breadcrumb","itemListElement":[{"@type":"ListItem","position":1,"name":"Home","item":"https:\/\/www.medispafresno.com\/es\/"},{"@type":"ListItem","position":2,"name":"JUV\u00c9DERM\u00ae"}]},{"@type":"WebSite","@id":"https:\/\/www.medispafresno.com\/es\/#website","url":"https:\/\/www.medispafresno.com\/es\/","name":"Aspire Medispa, Valley Institute Of Plastic Surgery","description":"Aspire Medispa, Valley Institute Of Plastic Surgery","potentialAction":[{"@type":"SearchAction","target":{"@type":"EntryPoint","urlTemplate":"https:\/\/www.medispafresno.com\/es\/?s={search_term_string}"},"query-input":"required name=search_term_string"}],"inLanguage":"en-US"}]}},"_links":{"self":[{"href":"https:\/\/www.medispafresno.com\/es\/wp-json\/wp\/v2\/pages\/229"}],"collection":[{"href":"https:\/\/www.medispafresno.com\/es\/wp-json\/wp\/v2\/pages"}],"about":[{"href":"https:\/\/www.medispafresno.com\/es\/wp-json\/wp\/v2\/types\/page"}],"author":[{"embeddable":true,"href":"https:\/\/www.medispafresno.com\/es\/wp-json\/wp\/v2\/users\/1"}],"replies":[{"embeddable":true,"href":"https:\/\/www.medispafresno.com\/es\/wp-json\/wp\/v2\/comments?post=229"}],"version-history":[{"count":5,"href":"https:\/\/www.medispafresno.com\/es\/wp-json\/wp\/v2\/pages\/229\/revisions"}],"predecessor-version":[{"id":1502,"href":"https:\/\/www.medispafresno.com\/es\/wp-json\/wp\/v2\/pages\/229\/revisions\/1502"}],"wp:attachment":[{"href":"https:\/\/www.medispafresno.com\/es\/wp-json\/wp\/v2\/media?parent=229"}],"curies":[{"name":"wp","href":"https:\/\/api.w.org\/{rel}","templated":true}]}}