{"id":296,"date":"2018-03-05T19:53:41","date_gmt":"2018-03-05T19:53:41","guid":{"rendered":"https:\/\/medispafresno.com\/es\/?page_id=296"},"modified":"2018-10-17T16:53:00","modified_gmt":"2018-10-17T16:53:00","slug":"ultherapy","status":"publish","type":"page","link":"https:\/\/www.medispafresno.com\/es\/ultherapy\/","title":{"rendered":"Ultherapy\u00ae"},"content":{"rendered":"","protected":false},"excerpt":{"rendered":"","protected":false},"author":1,"featured_media":0,"parent":0,"menu_order":0,"comment_status":"closed","ping_status":"closed","template":"_add-ons\/prem-ultherapy.php","meta":{"_acf_changed":false,"footnotes":""},"acf":[],"yoast_head":"<!-- This site is optimized with the Yoast SEO plugin v22.0 - https:\/\/yoast.com\/wordpress\/plugins\/seo\/ -->\n<title>Tratamiento con Ultherapy en Fresno, CA\/Aspire MediSpa<\/title>\n<meta name=\"description\" content=\"Ultherapy\u00ae es un procedimiento sin cirug\u00eda que se ofrece en el spa m\u00e9dico del Dr. Mark Chin y que puede rejuvenecer la piel y la apariencia sin incisiones quir\u00fargicas. La incre\u00edble versatilidad de la tecnolog\u00eda moderna ahora permite a los profesionales m\u00e9dicos dirigir la energ\u00eda de ultrasonido a los tratamientos antienvejecimiento para la piel. Llame a nuestro consultorio en Fresno para conocer m\u00e1s.\" \/>\n<meta name=\"robots\" content=\"index, follow, max-snippet:-1, max-image-preview:large, max-video-preview:-1\" \/>\n<link rel=\"canonical\" href=\"https:\/\/www.medispafresno.com\/es\/ultherapy\/\" \/>\n<meta property=\"og:locale\" content=\"en_US\" \/>\n<meta property=\"og:type\" content=\"article\" \/>\n<meta property=\"og:title\" content=\"Tratamiento con Ultherapy en Fresno, CA\/Aspire MediSpa\" \/>\n<meta property=\"og:description\" content=\"Ultherapy\u00ae es un procedimiento sin cirug\u00eda que se ofrece en el spa m\u00e9dico del Dr. Mark Chin y que puede rejuvenecer la piel y la apariencia sin incisiones quir\u00fargicas. La incre\u00edble versatilidad de la tecnolog\u00eda moderna ahora permite a los profesionales m\u00e9dicos dirigir la energ\u00eda de ultrasonido a los tratamientos antienvejecimiento para la piel. Llame a nuestro consultorio en Fresno para conocer m\u00e1s.\" \/>\n<meta property=\"og:url\" content=\"https:\/\/www.medispafresno.com\/es\/ultherapy\/\" \/>\n<meta property=\"og:site_name\" content=\"Aspire Medispa, Valley Institute Of Plastic Surgery\" \/>\n<meta property=\"article:modified_time\" content=\"2018-10-17T16:53:00+00:00\" \/>\n<meta name=\"twitter:card\" content=\"summary_large_image\" \/>\n<script type=\"application\/ld+json\" class=\"yoast-schema-graph\">{\"@context\":\"https:\/\/schema.org\",\"@graph\":[{\"@type\":\"WebPage\",\"@id\":\"https:\/\/www.medispafresno.com\/es\/ultherapy\/\",\"url\":\"https:\/\/www.medispafresno.com\/es\/ultherapy\/\",\"name\":\"Tratamiento con Ultherapy en Fresno, CA\/Aspire MediSpa\",\"isPartOf\":{\"@id\":\"https:\/\/www.medispafresno.com\/es\/#website\"},\"datePublished\":\"2018-03-05T19:53:41+00:00\",\"dateModified\":\"2018-10-17T16:53:00+00:00\",\"description\":\"Ultherapy\u00ae es un procedimiento sin cirug\u00eda que se ofrece en el spa m\u00e9dico del Dr. Mark Chin y que puede rejuvenecer la piel y la apariencia sin incisiones quir\u00fargicas. La incre\u00edble versatilidad de la tecnolog\u00eda moderna ahora permite a los profesionales m\u00e9dicos dirigir la energ\u00eda de ultrasonido a los tratamientos antienvejecimiento para la piel. Llame a nuestro consultorio en Fresno para conocer m\u00e1s.\",\"breadcrumb\":{\"@id\":\"https:\/\/www.medispafresno.com\/es\/ultherapy\/#breadcrumb\"},\"inLanguage\":\"en-US\",\"potentialAction\":[{\"@type\":\"ReadAction\",\"target\":[\"https:\/\/www.medispafresno.com\/es\/ultherapy\/\"]}]},{\"@type\":\"BreadcrumbList\",\"@id\":\"https:\/\/www.medispafresno.com\/es\/ultherapy\/#breadcrumb\",\"itemListElement\":[{\"@type\":\"ListItem\",\"position\":1,\"name\":\"Home\",\"item\":\"https:\/\/www.medispafresno.com\/es\/\"},{\"@type\":\"ListItem\",\"position\":2,\"name\":\"Ultherapy\u00ae\"}]},{\"@type\":\"WebSite\",\"@id\":\"https:\/\/www.medispafresno.com\/es\/#website\",\"url\":\"https:\/\/www.medispafresno.com\/es\/\",\"name\":\"Aspire Medispa, Valley Institute Of Plastic Surgery\",\"description\":\"Aspire Medispa, Valley Institute Of Plastic Surgery\",\"potentialAction\":[{\"@type\":\"SearchAction\",\"target\":{\"@type\":\"EntryPoint\",\"urlTemplate\":\"https:\/\/www.medispafresno.com\/es\/?s={search_term_string}\"},\"query-input\":\"required name=search_term_string\"}],\"inLanguage\":\"en-US\"}]}<\/script>\n<!-- \/ Yoast SEO plugin. -->","yoast_head_json":{"title":"Tratamiento con Ultherapy en Fresno, CA\/Aspire MediSpa","description":"Ultherapy\u00ae es un procedimiento sin cirug\u00eda que se ofrece en el spa m\u00e9dico del Dr. Mark Chin y que puede rejuvenecer la piel y la apariencia sin incisiones quir\u00fargicas. La incre\u00edble versatilidad de la tecnolog\u00eda moderna ahora permite a los profesionales m\u00e9dicos dirigir la energ\u00eda de ultrasonido a los tratamientos antienvejecimiento para la piel. Llame a nuestro consultorio en Fresno para conocer m\u00e1s.","robots":{"index":"index","follow":"follow","max-snippet":"max-snippet:-1","max-image-preview":"max-image-preview:large","max-video-preview":"max-video-preview:-1"},"canonical":"https:\/\/www.medispafresno.com\/es\/ultherapy\/","og_locale":"en_US","og_type":"article","og_title":"Tratamiento con Ultherapy en Fresno, CA\/Aspire MediSpa","og_description":"Ultherapy\u00ae es un procedimiento sin cirug\u00eda que se ofrece en el spa m\u00e9dico del Dr. Mark Chin y que puede rejuvenecer la piel y la apariencia sin incisiones quir\u00fargicas. La incre\u00edble versatilidad de la tecnolog\u00eda moderna ahora permite a los profesionales m\u00e9dicos dirigir la energ\u00eda de ultrasonido a los tratamientos antienvejecimiento para la piel. Llame a nuestro consultorio en Fresno para conocer m\u00e1s.","og_url":"https:\/\/www.medispafresno.com\/es\/ultherapy\/","og_site_name":"Aspire Medispa, Valley Institute Of Plastic Surgery","article_modified_time":"2018-10-17T16:53:00+00:00","twitter_card":"summary_large_image","schema":{"@context":"https:\/\/schema.org","@graph":[{"@type":"WebPage","@id":"https:\/\/www.medispafresno.com\/es\/ultherapy\/","url":"https:\/\/www.medispafresno.com\/es\/ultherapy\/","name":"Tratamiento con Ultherapy en Fresno, CA\/Aspire MediSpa","isPartOf":{"@id":"https:\/\/www.medispafresno.com\/es\/#website"},"datePublished":"2018-03-05T19:53:41+00:00","dateModified":"2018-10-17T16:53:00+00:00","description":"Ultherapy\u00ae es un procedimiento sin cirug\u00eda que se ofrece en el spa m\u00e9dico del Dr. Mark Chin y que puede rejuvenecer la piel y la apariencia sin incisiones quir\u00fargicas. La incre\u00edble versatilidad de la tecnolog\u00eda moderna ahora permite a los profesionales m\u00e9dicos dirigir la energ\u00eda de ultrasonido a los tratamientos antienvejecimiento para la piel. Llame a nuestro consultorio en Fresno para conocer m\u00e1s.","breadcrumb":{"@id":"https:\/\/www.medispafresno.com\/es\/ultherapy\/#breadcrumb"},"inLanguage":"en-US","potentialAction":[{"@type":"ReadAction","target":["https:\/\/www.medispafresno.com\/es\/ultherapy\/"]}]},{"@type":"BreadcrumbList","@id":"https:\/\/www.medispafresno.com\/es\/ultherapy\/#breadcrumb","itemListElement":[{"@type":"ListItem","position":1,"name":"Home","item":"https:\/\/www.medispafresno.com\/es\/"},{"@type":"ListItem","position":2,"name":"Ultherapy\u00ae"}]},{"@type":"WebSite","@id":"https:\/\/www.medispafresno.com\/es\/#website","url":"https:\/\/www.medispafresno.com\/es\/","name":"Aspire Medispa, Valley Institute Of Plastic Surgery","description":"Aspire Medispa, Valley Institute Of Plastic Surgery","potentialAction":[{"@type":"SearchAction","target":{"@type":"EntryPoint","urlTemplate":"https:\/\/www.medispafresno.com\/es\/?s={search_term_string}"},"query-input":"required name=search_term_string"}],"inLanguage":"en-US"}]}},"_links":{"self":[{"href":"https:\/\/www.medispafresno.com\/es\/wp-json\/wp\/v2\/pages\/296"}],"collection":[{"href":"https:\/\/www.medispafresno.com\/es\/wp-json\/wp\/v2\/pages"}],"about":[{"href":"https:\/\/www.medispafresno.com\/es\/wp-json\/wp\/v2\/types\/page"}],"author":[{"embeddable":true,"href":"https:\/\/www.medispafresno.com\/es\/wp-json\/wp\/v2\/users\/1"}],"replies":[{"embeddable":true,"href":"https:\/\/www.medispafresno.com\/es\/wp-json\/wp\/v2\/comments?post=296"}],"version-history":[{"count":2,"href":"https:\/\/www.medispafresno.com\/es\/wp-json\/wp\/v2\/pages\/296\/revisions"}],"predecessor-version":[{"id":378,"href":"https:\/\/www.medispafresno.com\/es\/wp-json\/wp\/v2\/pages\/296\/revisions\/378"}],"wp:attachment":[{"href":"https:\/\/www.medispafresno.com\/es\/wp-json\/wp\/v2\/media?parent=296"}],"curies":[{"name":"wp","href":"https:\/\/api.w.org\/{rel}","templated":true}]}}