{"id":333,"date":"2018-03-06T16:29:19","date_gmt":"2018-03-06T16:29:19","guid":{"rendered":"https:\/\/medispafresno.com\/es\/?page_id=333"},"modified":"2018-10-16T18:49:49","modified_gmt":"2018-10-16T18:49:49","slug":"about-us","status":"publish","type":"page","link":"https:\/\/www.medispafresno.com\/es\/about-us\/","title":{"rendered":"Sobre Nosotros"},"content":{"rendered":"<p><img loading=\"lazy\" decoding=\"async\" class=\"aligncenter wp-image-334 size-full\" src=\"http:\/\/medispafresno.com\/es\/wp-content\/uploads\/2018\/03\/group1.jpg\" alt=\"doctors Fresno\" width=\"521\" height=\"200\" srcset=\"https:\/\/www.medispafresno.com\/es\/wp-content\/uploads\/2018\/03\/group1.jpg 521w, https:\/\/www.medispafresno.com\/es\/wp-content\/uploads\/2018\/03\/group1-300x115.jpg 300w\" sizes=\"(max-width: 521px) 100vw, 521px\" \/><\/p>\n<p>En 2007, el Dr. Chin agreg\u00f3 Aspire MediSpa a Valley Institute of Plastic Surgery para ayudarlo a lograr sus metas est\u00e9ticas. Los tratamientos est\u00e1n supervisados por el Dr. Chin y respaldados por Ali Kunkel-Caplinger, asistente m\u00e9dica, con certificado PA-C, y Shannon Bigham, enfermera esteticista registrada. Nuestro consultorio, que est\u00e1 formado por el 90 % de referencias y el 60 % de clientes que vuelven, es muy conocido por su atenci\u00f3n genuina, su profesionalismo y sus tratamientos personalizados.<\/p>\n<p>Shannon ha trabajado en Valley Institute of Plastic Surgery y Aspire MediSpa durante ocho a\u00f1os, y cuenta con m\u00e1s de 17 a\u00f1os de experiencia como enfermera esteticista. Tambi\u00e9n es experta en los tratamientos modernos con l\u00e1ser y luz para eliminar el vello indeseado y tratar las manchas, las cicatrices de acn\u00e9, la pigmentaci\u00f3n despareja, el melasma, los tatuajes y mucho m\u00e1s. La gran cantidad de pacientes leales que ha acumulado puede hacer que programar una cita con ella sea algo dif\u00edcil, pero le aseguramos que vale la pena la espera.<\/p>\n<p>Creemos que es importante pasar todo el tiempo que sea necesario para comunicarnos con nuestros pacientes y educarlos. Shannon y Ali son muy accesibles para responder preguntas sobre el cuidado y los tratamientos para la piel. No dude en llamarnos para contarnos qu\u00e9 le interesa mejorar de su apariencia. Puede tener la seguridad de que haremos todo lo posible para satisfacer personalmente sus necesidades.<\/p>\n\n\t\t<style type=\"text\/css\">\n\t\t\t#gallery-1 {\n\t\t\t\tmargin: auto;\n\t\t\t}\n\t\t\t#gallery-1 .gallery-item {\n\t\t\t\tfloat: left;\n\t\t\t\tmargin-top: 10px;\n\t\t\t\ttext-align: center;\n\t\t\t\twidth: 25%;\n\t\t\t}\n\t\t\t#gallery-1 img {\n\t\t\t\tborder: 2px solid #cfcfcf;\n\t\t\t}\n\t\t\t#gallery-1 .gallery-caption {\n\t\t\t\tmargin-left: 0;\n\t\t\t}\n\t\t\t\/* see gallery_shortcode() in wp-includes\/media.php *\/\n\t\t<\/style>\n\t\t<div id='gallery-1' class='gallery galleryid-333 gallery-columns-4 gallery-size-thumbnail'><dl class='gallery-item'>\n\t\t\t<dt class='gallery-icon landscape'>\n\t\t\t\t<a href='https:\/\/www.medispafresno.com\/es\/wp-content\/uploads\/2018\/03\/Big-Confrence-Room2.jpg'><img loading=\"lazy\" decoding=\"async\" width=\"150\" height=\"150\" src=\"https:\/\/www.medispafresno.com\/es\/wp-content\/uploads\/2018\/03\/Big-Confrence-Room2-150x150.jpg\" class=\"attachment-thumbnail size-thumbnail\" alt=\"fresno conference\" \/><\/a>\n\t\t\t<\/dt><\/dl><dl class='gallery-item'>\n\t\t\t<dt class='gallery-icon landscape'>\n\t\t\t\t<a href='https:\/\/www.medispafresno.com\/es\/wp-content\/uploads\/2018\/03\/Big-exterior_corner_wide1.jpg'><img loading=\"lazy\" decoding=\"async\" width=\"150\" height=\"150\" src=\"https:\/\/www.medispafresno.com\/es\/wp-content\/uploads\/2018\/03\/Big-exterior_corner_wide1-150x150.jpg\" class=\"attachment-thumbnail size-thumbnail\" alt=\"fresno exterior building\" \/><\/a>\n\t\t\t<\/dt><\/dl><dl class='gallery-item'>\n\t\t\t<dt class='gallery-icon landscape'>\n\t\t\t\t<a href='https:\/\/www.medispafresno.com\/es\/wp-content\/uploads\/2018\/03\/Big-front-desk1.jpg'><img loading=\"lazy\" decoding=\"async\" width=\"150\" height=\"150\" src=\"https:\/\/www.medispafresno.com\/es\/wp-content\/uploads\/2018\/03\/Big-front-desk1-150x150.jpg\" class=\"attachment-thumbnail size-thumbnail\" alt=\"front desk fresno\" \/><\/a>\n\t\t\t<\/dt><\/dl><dl class='gallery-item'>\n\t\t\t<dt class='gallery-icon portrait'>\n\t\t\t\t<a href='https:\/\/www.medispafresno.com\/es\/wp-content\/uploads\/2018\/03\/Big-Natasha-Room1.jpg'><img loading=\"lazy\" decoding=\"async\" width=\"150\" height=\"150\" src=\"https:\/\/www.medispafresno.com\/es\/wp-content\/uploads\/2018\/03\/Big-Natasha-Room1-150x150.jpg\" class=\"attachment-thumbnail size-thumbnail\" alt=\"room fresno\" \/><\/a>\n\t\t\t<\/dt><\/dl><br style=\"clear: both\" \/><dl class='gallery-item'>\n\t\t\t<dt class='gallery-icon landscape'>\n\t\t\t\t<a href='https:\/\/www.medispafresno.com\/es\/wp-content\/uploads\/2018\/03\/Big-shannons-room1.jpg'><img loading=\"lazy\" decoding=\"async\" width=\"150\" height=\"150\" src=\"https:\/\/www.medispafresno.com\/es\/wp-content\/uploads\/2018\/03\/Big-shannons-room1-150x150.jpg\" class=\"attachment-thumbnail size-thumbnail\" alt=\"shannons room\" \/><\/a>\n\t\t\t<\/dt><\/dl><dl class='gallery-item'>\n\t\t\t<dt class='gallery-icon landscape'>\n\t\t\t\t<a href='https:\/\/www.medispafresno.com\/es\/wp-content\/uploads\/2018\/03\/Big-waiting-room1.jpg'><img loading=\"lazy\" decoding=\"async\" width=\"150\" height=\"150\" src=\"https:\/\/www.medispafresno.com\/es\/wp-content\/uploads\/2018\/03\/Big-waiting-room1-150x150.jpg\" class=\"attachment-thumbnail size-thumbnail\" alt=\"fresno waiting room\" \/><\/a>\n\t\t\t<\/dt><\/dl><dl class='gallery-item'>\n\t\t\t<dt class='gallery-icon landscape'>\n\t\t\t\t<a href='https:\/\/www.medispafresno.com\/es\/wp-content\/uploads\/2018\/03\/big-national-geo1.jpg'><img loading=\"lazy\" decoding=\"async\" width=\"150\" height=\"150\" src=\"https:\/\/www.medispafresno.com\/es\/wp-content\/uploads\/2018\/03\/big-national-geo1-150x150.jpg\" class=\"attachment-thumbnail size-thumbnail\" alt=\"painting fresno\" \/><\/a>\n\t\t\t<\/dt><\/dl>\n\t\t\t<br style='clear: both' \/>\n\t\t<\/div>\n\n","protected":false},"excerpt":{"rendered":"<p>En 2007, el Dr. Chin agreg\u00f3 Aspire MediSpa a Valley Institute of Plastic Surgery para ayudarlo a lograr sus metas est\u00e9ticas. Los tratamientos est\u00e1n supervisados por el Dr. Chin y respaldados por Ali Kunkel-Caplinger, asistente m\u00e9dica, con certificado PA-C, y Shannon Bigham, enfermera esteticista registrada. Nuestro consultorio, que est\u00e1 formado por el 90 % de [&hellip;]<\/p>\n","protected":false},"author":1,"featured_media":0,"parent":0,"menu_order":0,"comment_status":"closed","ping_status":"closed","template":"_templates\/template-full.php","meta":{"_acf_changed":false,"footnotes":""},"acf":[],"yoast_head":"<!-- This site is optimized with the Yoast SEO plugin v22.0 - https:\/\/yoast.com\/wordpress\/plugins\/seo\/ -->\n<title>Acerca de Aspire MediSpa en Fresno (CA)<\/title>\n<meta name=\"description\" content=\"HEn Aspire MediSpa, nuestro objetivo es simple: realzar su belleza natural y ayudarlo a lograr sus metas est\u00e9ticas mediante la utilizaci\u00f3n de las t\u00e9cnicas menos invasivas y menos dolorosas.\" \/>\n<meta name=\"robots\" content=\"index, follow, max-snippet:-1, max-image-preview:large, max-video-preview:-1\" \/>\n<link rel=\"canonical\" href=\"https:\/\/www.medispafresno.com\/es\/about-us\/\" \/>\n<meta property=\"og:locale\" content=\"en_US\" \/>\n<meta property=\"og:type\" content=\"article\" \/>\n<meta property=\"og:title\" content=\"Acerca de Aspire MediSpa en Fresno (CA)\" \/>\n<meta property=\"og:description\" content=\"HEn Aspire MediSpa, nuestro objetivo es simple: realzar su belleza natural y ayudarlo a lograr sus metas est\u00e9ticas mediante la utilizaci\u00f3n de las t\u00e9cnicas menos invasivas y menos dolorosas.\" \/>\n<meta property=\"og:url\" content=\"https:\/\/www.medispafresno.com\/es\/about-us\/\" \/>\n<meta property=\"og:site_name\" content=\"Aspire Medispa, Valley Institute Of Plastic Surgery\" \/>\n<meta property=\"article:modified_time\" content=\"2018-10-16T18:49:49+00:00\" \/>\n<meta property=\"og:image\" content=\"https:\/\/www.medispafresno.com\/es\/wp-content\/uploads\/2018\/03\/Big-Confrence-Room2-150x150.jpg\" \/>\n<meta name=\"twitter:card\" content=\"summary_large_image\" \/>\n<meta name=\"twitter:label1\" content=\"Est. reading time\" \/>\n\t<meta name=\"twitter:data1\" content=\"1 minute\" \/>\n<script type=\"application\/ld+json\" class=\"yoast-schema-graph\">{\"@context\":\"https:\/\/schema.org\",\"@graph\":[{\"@type\":\"WebPage\",\"@id\":\"https:\/\/www.medispafresno.com\/es\/about-us\/\",\"url\":\"https:\/\/www.medispafresno.com\/es\/about-us\/\",\"name\":\"Acerca de Aspire MediSpa en Fresno (CA)\",\"isPartOf\":{\"@id\":\"https:\/\/www.medispafresno.com\/es\/#website\"},\"datePublished\":\"2018-03-06T16:29:19+00:00\",\"dateModified\":\"2018-10-16T18:49:49+00:00\",\"description\":\"HEn Aspire MediSpa, nuestro objetivo es simple: realzar su belleza natural y ayudarlo a lograr sus metas est\u00e9ticas mediante la utilizaci\u00f3n de las t\u00e9cnicas menos invasivas y menos dolorosas.\",\"breadcrumb\":{\"@id\":\"https:\/\/www.medispafresno.com\/es\/about-us\/#breadcrumb\"},\"inLanguage\":\"en-US\",\"potentialAction\":[{\"@type\":\"ReadAction\",\"target\":[\"https:\/\/www.medispafresno.com\/es\/about-us\/\"]}]},{\"@type\":\"BreadcrumbList\",\"@id\":\"https:\/\/www.medispafresno.com\/es\/about-us\/#breadcrumb\",\"itemListElement\":[{\"@type\":\"ListItem\",\"position\":1,\"name\":\"Home\",\"item\":\"https:\/\/www.medispafresno.com\/es\/\"},{\"@type\":\"ListItem\",\"position\":2,\"name\":\"Sobre Nosotros\"}]},{\"@type\":\"WebSite\",\"@id\":\"https:\/\/www.medispafresno.com\/es\/#website\",\"url\":\"https:\/\/www.medispafresno.com\/es\/\",\"name\":\"Aspire Medispa, Valley Institute Of Plastic Surgery\",\"description\":\"Aspire Medispa, Valley Institute Of Plastic Surgery\",\"potentialAction\":[{\"@type\":\"SearchAction\",\"target\":{\"@type\":\"EntryPoint\",\"urlTemplate\":\"https:\/\/www.medispafresno.com\/es\/?s={search_term_string}\"},\"query-input\":\"required name=search_term_string\"}],\"inLanguage\":\"en-US\"}]}<\/script>\n<!-- \/ Yoast SEO plugin. -->","yoast_head_json":{"title":"Acerca de Aspire MediSpa en Fresno (CA)","description":"HEn Aspire MediSpa, nuestro objetivo es simple: realzar su belleza natural y ayudarlo a lograr sus metas est\u00e9ticas mediante la utilizaci\u00f3n de las t\u00e9cnicas menos invasivas y menos dolorosas.","robots":{"index":"index","follow":"follow","max-snippet":"max-snippet:-1","max-image-preview":"max-image-preview:large","max-video-preview":"max-video-preview:-1"},"canonical":"https:\/\/www.medispafresno.com\/es\/about-us\/","og_locale":"en_US","og_type":"article","og_title":"Acerca de Aspire MediSpa en Fresno (CA)","og_description":"HEn Aspire MediSpa, nuestro objetivo es simple: realzar su belleza natural y ayudarlo a lograr sus metas est\u00e9ticas mediante la utilizaci\u00f3n de las t\u00e9cnicas menos invasivas y menos dolorosas.","og_url":"https:\/\/www.medispafresno.com\/es\/about-us\/","og_site_name":"Aspire Medispa, Valley Institute Of Plastic Surgery","article_modified_time":"2018-10-16T18:49:49+00:00","og_image":[{"url":"https:\/\/www.medispafresno.com\/es\/wp-content\/uploads\/2018\/03\/Big-Confrence-Room2-150x150.jpg"}],"twitter_card":"summary_large_image","twitter_misc":{"Est. reading time":"1 minute"},"schema":{"@context":"https:\/\/schema.org","@graph":[{"@type":"WebPage","@id":"https:\/\/www.medispafresno.com\/es\/about-us\/","url":"https:\/\/www.medispafresno.com\/es\/about-us\/","name":"Acerca de Aspire MediSpa en Fresno (CA)","isPartOf":{"@id":"https:\/\/www.medispafresno.com\/es\/#website"},"datePublished":"2018-03-06T16:29:19+00:00","dateModified":"2018-10-16T18:49:49+00:00","description":"HEn Aspire MediSpa, nuestro objetivo es simple: realzar su belleza natural y ayudarlo a lograr sus metas est\u00e9ticas mediante la utilizaci\u00f3n de las t\u00e9cnicas menos invasivas y menos dolorosas.","breadcrumb":{"@id":"https:\/\/www.medispafresno.com\/es\/about-us\/#breadcrumb"},"inLanguage":"en-US","potentialAction":[{"@type":"ReadAction","target":["https:\/\/www.medispafresno.com\/es\/about-us\/"]}]},{"@type":"BreadcrumbList","@id":"https:\/\/www.medispafresno.com\/es\/about-us\/#breadcrumb","itemListElement":[{"@type":"ListItem","position":1,"name":"Home","item":"https:\/\/www.medispafresno.com\/es\/"},{"@type":"ListItem","position":2,"name":"Sobre Nosotros"}]},{"@type":"WebSite","@id":"https:\/\/www.medispafresno.com\/es\/#website","url":"https:\/\/www.medispafresno.com\/es\/","name":"Aspire Medispa, Valley Institute Of Plastic Surgery","description":"Aspire Medispa, Valley Institute Of Plastic Surgery","potentialAction":[{"@type":"SearchAction","target":{"@type":"EntryPoint","urlTemplate":"https:\/\/www.medispafresno.com\/es\/?s={search_term_string}"},"query-input":"required name=search_term_string"}],"inLanguage":"en-US"}]}},"_links":{"self":[{"href":"https:\/\/www.medispafresno.com\/es\/wp-json\/wp\/v2\/pages\/333"}],"collection":[{"href":"https:\/\/www.medispafresno.com\/es\/wp-json\/wp\/v2\/pages"}],"about":[{"href":"https:\/\/www.medispafresno.com\/es\/wp-json\/wp\/v2\/types\/page"}],"author":[{"embeddable":true,"href":"https:\/\/www.medispafresno.com\/es\/wp-json\/wp\/v2\/users\/1"}],"replies":[{"embeddable":true,"href":"https:\/\/www.medispafresno.com\/es\/wp-json\/wp\/v2\/comments?post=333"}],"version-history":[{"count":5,"href":"https:\/\/www.medispafresno.com\/es\/wp-json\/wp\/v2\/pages\/333\/revisions"}],"predecessor-version":[{"id":1477,"href":"https:\/\/www.medispafresno.com\/es\/wp-json\/wp\/v2\/pages\/333\/revisions\/1477"}],"wp:attachment":[{"href":"https:\/\/www.medispafresno.com\/es\/wp-json\/wp\/v2\/media?parent=333"}],"curies":[{"name":"wp","href":"https:\/\/api.w.org\/{rel}","templated":true}]}}